{"id":147,"date":"2023-04-27T16:28:43","date_gmt":"2023-04-27T16:28:43","guid":{"rendered":"https:\/\/tcstransportes.es\/?page_id=147"},"modified":"2024-04-10T10:40:16","modified_gmt":"2024-04-10T10:40:16","slug":"quienes-somos","status":"publish","type":"page","link":"https:\/\/tcstransportes.es\/en\/quienes-somos\/","title":{"rendered":"Quienes somos"},"content":{"rendered":"<div data-elementor-type=\"wp-page\" data-elementor-id=\"147\" class=\"elementor elementor-147\" data-elementor-post-type=\"page\">\n\t\t\t\t\t\t<section class=\"elementor-section elementor-top-section elementor-element elementor-element-1a4a5dbb animated-slow elementor-section-boxed elementor-section-height-default elementor-section-height-default elementor-invisible\" data-id=\"1a4a5dbb\" data-element_type=\"section\" data-settings=\"{&quot;background_background&quot;:&quot;classic&quot;,&quot;animation&quot;:&quot;fadeIn&quot;,&quot;background_motion_fx_motion_fx_scrolling&quot;:&quot;yes&quot;,&quot;background_motion_fx_scale_effect&quot;:&quot;yes&quot;,&quot;background_motion_fx_scale_speed&quot;:{&quot;unit&quot;:&quot;px&quot;,&quot;size&quot;:1.5,&quot;sizes&quot;:[]},&quot;background_motion_fx_scale_direction&quot;:&quot;out-in&quot;,&quot;background_motion_fx_scale_range&quot;:{&quot;unit&quot;:&quot;%&quot;,&quot;size&quot;:&quot;&quot;,&quot;sizes&quot;:{&quot;start&quot;:20,&quot;end&quot;:80}},&quot;background_motion_fx_devices&quot;:[&quot;desktop&quot;,&quot;tablet&quot;,&quot;mobile&quot;]}\">\n\t\t\t\t\t\t\t<div class=\"elementor-background-overlay\"><\/div>\n\t\t\t\t\t\t\t<div class=\"elementor-container elementor-column-gap-default\">\n\t\t\t\t\t<div class=\"elementor-column elementor-col-100 elementor-top-column elementor-element elementor-element-55dce5ae\" data-id=\"55dce5ae\" data-element_type=\"column\" data-settings=\"{&quot;animation&quot;:&quot;none&quot;}\">\n\t\t\t<div class=\"elementor-widget-wrap elementor-element-populated\">\n\t\t\t\t\t\t<div class=\"elementor-element elementor-element-8e8b06c animated-slow elementor-invisible elementor-widget elementor-widget-heading\" data-id=\"8e8b06c\" data-element_type=\"widget\" data-settings=\"{&quot;_animation&quot;:&quot;slideInUp&quot;,&quot;_animation_mobile&quot;:&quot;fadeIn&quot;}\" data-widget_type=\"heading.default\">\n\t\t\t\t<div class=\"elementor-widget-container\">\n\t\t\t<style>\/*! elementor - v3.20.0 - 26-03-2024 *\/\n.elementor-heading-title{padding:0;margin:0;line-height:1}.elementor-widget-heading .elementor-heading-title[class*=elementor-size-]>a{color:inherit;font-size:inherit;line-height:inherit}.elementor-widget-heading .elementor-heading-title.elementor-size-small{font-size:15px}.elementor-widget-heading .elementor-heading-title.elementor-size-medium{font-size:19px}.elementor-widget-heading .elementor-heading-title.elementor-size-large{font-size:29px}.elementor-widget-heading .elementor-heading-title.elementor-size-xl{font-size:39px}.elementor-widget-heading .elementor-heading-title.elementor-size-xxl{font-size:59px}<\/style><h1 class=\"elementor-heading-title elementor-size-default\">Quienes somos<\/h1>\t\t<\/div>\n\t\t\t\t<\/div>\n\t\t\t\t\t<\/div>\n\t\t<\/div>\n\t\t\t\t\t<\/div>\n\t\t<\/section>\n\t\t\t\t<section class=\"elementor-section elementor-top-section elementor-element elementor-element-8c70191 elementor-section-boxed elementor-section-height-default elementor-section-height-default\" data-id=\"8c70191\" data-element_type=\"section\">\n\t\t\t\t\t\t<div class=\"elementor-container elementor-column-gap-default\">\n\t\t\t\t\t<div class=\"elementor-column elementor-col-50 elementor-top-column elementor-element elementor-element-705dae33\" data-id=\"705dae33\" data-element_type=\"column\" data-settings=\"{&quot;animation&quot;:&quot;none&quot;,&quot;motion_fx_motion_fx_scrolling&quot;:&quot;yes&quot;,&quot;motion_fx_translateX_effect&quot;:&quot;yes&quot;,&quot;motion_fx_translateX_speed&quot;:{&quot;unit&quot;:&quot;px&quot;,&quot;size&quot;:2,&quot;sizes&quot;:[]},&quot;motion_fx_translateX_affectedRange&quot;:{&quot;unit&quot;:&quot;%&quot;,&quot;size&quot;:&quot;&quot;,&quot;sizes&quot;:{&quot;start&quot;:0,&quot;end&quot;:50}},&quot;motion_fx_devices&quot;:[&quot;desktop&quot;,&quot;tablet&quot;,&quot;mobile&quot;]}\">\n\t\t\t<div class=\"elementor-widget-wrap elementor-element-populated\">\n\t\t\t\t\t\t<div class=\"elementor-element elementor-element-6e08eee1 animated-slow elementor-invisible elementor-widget elementor-widget-heading\" data-id=\"6e08eee1\" data-element_type=\"widget\" data-settings=\"{&quot;_animation&quot;:&quot;fadeInRight&quot;,&quot;_animation_delay&quot;:200,&quot;_animation_tablet&quot;:&quot;fadeIn&quot;}\" data-widget_type=\"heading.default\">\n\t\t\t\t<div class=\"elementor-widget-container\">\n\t\t\t<h2 class=\"elementor-heading-title elementor-size-default\">Quienes somos<\/h2>\t\t<\/div>\n\t\t\t\t<\/div>\n\t\t\t\t<div class=\"elementor-element elementor-element-40017013 animated-slow elementor-widget__width-initial elementor-widget elementor-widget-text-editor\" data-id=\"40017013\" data-element_type=\"widget\" data-settings=\"{&quot;_animation&quot;:&quot;none&quot;,&quot;_animation_delay&quot;:300,&quot;_animation_tablet&quot;:&quot;fadeIn&quot;}\" data-widget_type=\"text-editor.default\">\n\t\t\t\t<div class=\"elementor-widget-container\">\n\t\t\t<style>\/*! elementor - v3.20.0 - 26-03-2024 *\/\n.elementor-widget-text-editor.elementor-drop-cap-view-stacked .elementor-drop-cap{background-color:#69727d;color:#fff}.elementor-widget-text-editor.elementor-drop-cap-view-framed .elementor-drop-cap{color:#69727d;border:3px solid;background-color:transparent}.elementor-widget-text-editor:not(.elementor-drop-cap-view-default) .elementor-drop-cap{margin-top:8px}.elementor-widget-text-editor:not(.elementor-drop-cap-view-default) .elementor-drop-cap-letter{width:1em;height:1em}.elementor-widget-text-editor .elementor-drop-cap{float:left;text-align:center;line-height:1;font-size:50px}.elementor-widget-text-editor .elementor-drop-cap-letter{display:inline-block}<\/style>\t\t\t\t<h3>Bienvenidos a TCS &#8211; Transporte y Mudanzas de Confianza<\/h3><p>En TCS, nos dedicamos a ofrecer servicios de transporte y mudanzas de alta calidad con un enfoque centrado en la satisfacci\u00f3n del cliente y la excelencia operativa. Desde nuestra fundaci\u00f3n, hemos establecido un est\u00e1ndar de servicio excepcional que nos ha posicionado como l\u00edderes en la industria.<\/p><p>Nuestro compromiso con la integridad, la seguridad y la atenci\u00f3n al detalle impulsa cada aspecto de nuestro negocio. Contamos con un equipo de profesionales altamente capacitados y experimentados que se esfuerzan por superar las expectativas de nuestros clientes en cada interacci\u00f3n.<\/p><p>En TCS, entendemos la importancia de cada traslado, ya sea personal o empresarial. Nos tomamos el tiempo para comprender las necesidades individuales de cada cliente y ofrecer soluciones personalizadas que se adapten a sus requisitos espec\u00edficos.<\/p><p>Adem\u00e1s de nuestro enfoque en la excelencia en el servicio, tambi\u00e9n nos comprometemos con la responsabilidad ambiental y social. Implementamos pr\u00e1cticas sostenibles en nuestras operaciones y nos involucramos activamente en iniciativas comunitarias para contribuir positivamente al mundo que nos rodea.<\/p><p>Al elegir TCS para sus necesidades de transporte y mudanzas, puede confiar en un socio confiable y profesional que se preocupa por su satisfacci\u00f3n y tranquilidad. Estamos aqu\u00ed para hacer que su experiencia de traslado sea lo m\u00e1s fluida y libre de estr\u00e9s posible.<\/p><p>Gracias por considerar a TCS como su proveedor de transporte y mudanzas. Esperamos tener la oportunidad de servirle y demostrarle por qu\u00e9 somos la opci\u00f3n preferida para aquellos que buscan calidad, confiabilidad y profesionalismo en cada paso del camino.<\/p>\t\t\t\t\t\t<\/div>\n\t\t\t\t<\/div>\n\t\t\t\t\t<\/div>\n\t\t<\/div>\n\t\t\t\t<div class=\"elementor-column elementor-col-50 elementor-top-column elementor-element elementor-element-81eb0e4\" data-id=\"81eb0e4\" data-element_type=\"column\">\n\t\t\t<div class=\"elementor-widget-wrap elementor-element-populated\">\n\t\t\t\t\t\t<div class=\"elementor-element elementor-element-256cd73e animated-slow elementor-invisible elementor-widget elementor-widget-image\" data-id=\"256cd73e\" data-element_type=\"widget\" data-settings=\"{&quot;_animation&quot;:&quot;fadeInLeft&quot;,&quot;_animation_tablet&quot;:&quot;fadeIn&quot;}\" data-widget_type=\"image.default\">\n\t\t\t\t<div class=\"elementor-widget-container\">\n\t\t\t<style>\/*! elementor - v3.20.0 - 26-03-2024 *\/\n.elementor-widget-image{text-align:center}.elementor-widget-image a{display:inline-block}.elementor-widget-image a img[src$=\".svg\"]{width:48px}.elementor-widget-image img{vertical-align:middle;display:inline-block}<\/style>\t\t\t\t\t\t\t\t\t\t<img fetchpriority=\"high\" decoding=\"async\" width=\"600\" height=\"337\" src=\"https:\/\/tcstransportes.es\/wp-content\/uploads\/2024\/04\/1-600x337.png\" class=\"attachment-woocommerce_single size-woocommerce_single wp-image-1401\" alt=\"\" srcset=\"https:\/\/tcstransportes.es\/wp-content\/uploads\/2024\/04\/1-600x337.png 600w, https:\/\/tcstransportes.es\/wp-content\/uploads\/2024\/04\/1-800x450.png 800w, https:\/\/tcstransportes.es\/wp-content\/uploads\/2024\/04\/1-768x432.png 768w, https:\/\/tcstransportes.es\/wp-content\/uploads\/2024\/04\/1-18x10.png 18w, https:\/\/tcstransportes.es\/wp-content\/uploads\/2024\/04\/1-280x157.png 280w, https:\/\/tcstransportes.es\/wp-content\/uploads\/2024\/04\/1.png 1366w\" sizes=\"(max-width: 600px) 100vw, 600px\" \/>\t\t\t\t\t\t\t\t\t\t\t\t\t<\/div>\n\t\t\t\t<\/div>\n\t\t\t\t\t<\/div>\n\t\t<\/div>\n\t\t\t\t\t<\/div>\n\t\t<\/section>\n\t\t\t\t<section class=\"elementor-section elementor-top-section elementor-element elementor-element-4e9e803 elementor-section-boxed elementor-section-height-default elementor-section-height-default\" data-id=\"4e9e803\" data-element_type=\"section\">\n\t\t\t\t\t\t<div class=\"elementor-container elementor-column-gap-default\">\n\t\t\t\t\t<div class=\"elementor-column elementor-col-100 elementor-top-column elementor-element elementor-element-29ba6f9\" data-id=\"29ba6f9\" data-element_type=\"column\">\n\t\t\t<div class=\"elementor-widget-wrap\">\n\t\t\t\t\t\t\t<\/div>\n\t\t<\/div>\n\t\t\t\t\t<\/div>\n\t\t<\/section>\n\t\t\t\t<\/div>","protected":false},"excerpt":{"rendered":"<p>Quienes somos Quienes somos Bienvenidos a TCS &#8211; Transporte y Mudanzas de Confianza En TCS, nos dedicamos a ofrecer servicios de transporte y mudanzas de alta calidad con un enfoque centrado en la satisfacci\u00f3n del cliente y la excelencia operativa. Desde nuestra fundaci\u00f3n, hemos establecido un est\u00e1ndar de servicio excepcional que nos ha posicionado como [&hellip;]<\/p>","protected":false},"author":2,"featured_media":0,"parent":0,"menu_order":0,"comment_status":"closed","ping_status":"closed","template":"","meta":{"footnotes":""},"class_list":["post-147","page","type-page","status-publish","hentry"],"_links":{"self":[{"href":"https:\/\/tcstransportes.es\/en\/wp-json\/wp\/v2\/pages\/147","targetHints":{"allow":["GET"]}}],"collection":[{"href":"https:\/\/tcstransportes.es\/en\/wp-json\/wp\/v2\/pages"}],"about":[{"href":"https:\/\/tcstransportes.es\/en\/wp-json\/wp\/v2\/types\/page"}],"author":[{"embeddable":true,"href":"https:\/\/tcstransportes.es\/en\/wp-json\/wp\/v2\/users\/2"}],"replies":[{"embeddable":true,"href":"https:\/\/tcstransportes.es\/en\/wp-json\/wp\/v2\/comments?post=147"}],"version-history":[{"count":84,"href":"https:\/\/tcstransportes.es\/en\/wp-json\/wp\/v2\/pages\/147\/revisions"}],"predecessor-version":[{"id":1425,"href":"https:\/\/tcstransportes.es\/en\/wp-json\/wp\/v2\/pages\/147\/revisions\/1425"}],"wp:attachment":[{"href":"https:\/\/tcstransportes.es\/en\/wp-json\/wp\/v2\/media?parent=147"}],"curies":[{"name":"wp","href":"https:\/\/api.w.org\/{rel}","templated":true}]}}