{"id":1486,"date":"2024-04-16T11:26:33","date_gmt":"2024-04-16T11:26:33","guid":{"rendered":"https:\/\/tcstransportes.es\/?page_id=1486"},"modified":"2024-04-16T12:10:58","modified_gmt":"2024-04-16T12:10:58","slug":"servicios","status":"publish","type":"page","link":"https:\/\/tcstransportes.es\/en\/servicios\/","title":{"rendered":"Servicios"},"content":{"rendered":"<div data-elementor-type=\"wp-page\" data-elementor-id=\"1486\" class=\"elementor elementor-1486\" data-elementor-post-type=\"page\">\n\t\t\t\t\t\t<section class=\"elementor-section elementor-top-section elementor-element elementor-element-298db8c elementor-section-boxed elementor-section-height-default elementor-section-height-default\" data-id=\"298db8c\" data-element_type=\"section\">\n\t\t\t\t\t\t<div class=\"elementor-container elementor-column-gap-default\">\n\t\t\t\t\t<div class=\"elementor-column elementor-col-33 elementor-top-column elementor-element elementor-element-5b3d8dc\" data-id=\"5b3d8dc\" data-element_type=\"column\">\n\t\t\t<div class=\"elementor-widget-wrap elementor-element-populated\">\n\t\t\t\t\t\t<div class=\"elementor-element elementor-element-d2941f4 elementor-widget elementor-widget-image\" data-id=\"d2941f4\" data-element_type=\"widget\" data-widget_type=\"image.default\">\n\t\t\t\t<div class=\"elementor-widget-container\">\n\t\t\t<style>\/*! elementor - v3.20.0 - 26-03-2024 *\/\n.elementor-widget-image{text-align:center}.elementor-widget-image a{display:inline-block}.elementor-widget-image a img[src$=\".svg\"]{width:48px}.elementor-widget-image img{vertical-align:middle;display:inline-block}<\/style>\t\t\t\t\t\t\t\t\t\t\t<a href=\"https:\/\/tcstransportes.es\/en\/contacto\/\">\n\t\t\t\t\t\t\t<img fetchpriority=\"high\" decoding=\"async\" width=\"800\" height=\"450\" src=\"https:\/\/tcstransportes.es\/wp-content\/uploads\/2024\/04\/5-800x450.png\" class=\"attachment-medium size-medium wp-image-1399\" alt=\"\" srcset=\"https:\/\/tcstransportes.es\/wp-content\/uploads\/2024\/04\/5-800x450.png 800w, https:\/\/tcstransportes.es\/wp-content\/uploads\/2024\/04\/5-768x432.png 768w, https:\/\/tcstransportes.es\/wp-content\/uploads\/2024\/04\/5-18x10.png 18w, https:\/\/tcstransportes.es\/wp-content\/uploads\/2024\/04\/5-600x337.png 600w, https:\/\/tcstransportes.es\/wp-content\/uploads\/2024\/04\/5-280x157.png 280w, https:\/\/tcstransportes.es\/wp-content\/uploads\/2024\/04\/5.png 1366w\" sizes=\"(max-width: 800px) 100vw, 800px\" \/>\t\t\t\t\t\t\t\t<\/a>\n\t\t\t\t\t\t\t\t\t\t\t\t\t<\/div>\n\t\t\t\t<\/div>\n\t\t\t\t<div class=\"elementor-element elementor-element-499ce9c elementor-widget elementor-widget-heading\" data-id=\"499ce9c\" data-element_type=\"widget\" data-widget_type=\"heading.default\">\n\t\t\t\t<div class=\"elementor-widget-container\">\n\t\t\t<style>\/*! elementor - v3.20.0 - 26-03-2024 *\/\n.elementor-heading-title{padding:0;margin:0;line-height:1}.elementor-widget-heading .elementor-heading-title[class*=elementor-size-]>a{color:inherit;font-size:inherit;line-height:inherit}.elementor-widget-heading .elementor-heading-title.elementor-size-small{font-size:15px}.elementor-widget-heading .elementor-heading-title.elementor-size-medium{font-size:19px}.elementor-widget-heading .elementor-heading-title.elementor-size-large{font-size:29px}.elementor-widget-heading .elementor-heading-title.elementor-size-xl{font-size:39px}.elementor-widget-heading .elementor-heading-title.elementor-size-xxl{font-size:59px}<\/style><h2 class=\"elementor-heading-title elementor-size-default\">Env\u00edos a Europa<\/h2>\t\t<\/div>\n\t\t\t\t<\/div>\n\t\t\t\t\t<\/div>\n\t\t<\/div>\n\t\t\t\t<div class=\"elementor-column elementor-col-33 elementor-top-column elementor-element elementor-element-17f4d0c\" data-id=\"17f4d0c\" data-element_type=\"column\">\n\t\t\t<div class=\"elementor-widget-wrap elementor-element-populated\">\n\t\t\t\t\t\t<div class=\"elementor-element elementor-element-8d7db14 elementor-widget elementor-widget-image\" data-id=\"8d7db14\" data-element_type=\"widget\" data-widget_type=\"image.default\">\n\t\t\t\t<div class=\"elementor-widget-container\">\n\t\t\t\t\t\t\t\t\t\t\t\t\t\t<a href=\"https:\/\/tcstransportes.es\/en\/contacto\/\">\n\t\t\t\t\t\t\t<img decoding=\"async\" src=\"https:\/\/tcstransportes.es\/wp-content\/uploads\/elementor\/thumbs\/ducati-panigale-2023-qmslb2l567e5dzgtelylk1hio4dghlnrnlocxwnuv4.webp\" title=\"ducati-panigale-2023\" alt=\"ducati-panigale-2023\" loading=\"lazy\" \/>\t\t\t\t\t\t\t\t<\/a>\n\t\t\t\t\t\t\t\t\t\t\t\t\t<\/div>\n\t\t\t\t<\/div>\n\t\t\t\t<div class=\"elementor-element elementor-element-2346b74 elementor-widget elementor-widget-heading\" data-id=\"2346b74\" data-element_type=\"widget\" data-widget_type=\"heading.default\">\n\t\t\t\t<div class=\"elementor-widget-container\">\n\t\t\t<h2 class=\"elementor-heading-title elementor-size-default\">Transporte de Motos<\/h2>\t\t<\/div>\n\t\t\t\t<\/div>\n\t\t\t\t\t<\/div>\n\t\t<\/div>\n\t\t\t\t<div class=\"elementor-column elementor-col-33 elementor-top-column elementor-element elementor-element-808eba0\" data-id=\"808eba0\" data-element_type=\"column\">\n\t\t\t<div class=\"elementor-widget-wrap elementor-element-populated\">\n\t\t\t\t\t\t<div class=\"elementor-element elementor-element-2ffe27c elementor-widget elementor-widget-image\" data-id=\"2ffe27c\" data-element_type=\"widget\" data-widget_type=\"image.default\">\n\t\t\t\t<div class=\"elementor-widget-container\">\n\t\t\t\t\t\t\t\t\t\t\t\t\t\t<a href=\"https:\/\/tcstransportes.es\/en\/contacto\/\">\n\t\t\t\t\t\t\t<img decoding=\"async\" width=\"768\" height=\"432\" src=\"https:\/\/tcstransportes.es\/wp-content\/uploads\/2024\/04\/4-768x432.png\" class=\"attachment-medium_large size-medium_large wp-image-1398\" alt=\"\" srcset=\"https:\/\/tcstransportes.es\/wp-content\/uploads\/2024\/04\/4-768x432.png 768w, https:\/\/tcstransportes.es\/wp-content\/uploads\/2024\/04\/4-800x450.png 800w, https:\/\/tcstransportes.es\/wp-content\/uploads\/2024\/04\/4-18x10.png 18w, https:\/\/tcstransportes.es\/wp-content\/uploads\/2024\/04\/4-600x337.png 600w, https:\/\/tcstransportes.es\/wp-content\/uploads\/2024\/04\/4-280x157.png 280w, https:\/\/tcstransportes.es\/wp-content\/uploads\/2024\/04\/4.png 1366w\" sizes=\"(max-width: 768px) 100vw, 768px\" \/>\t\t\t\t\t\t\t\t<\/a>\n\t\t\t\t\t\t\t\t\t\t\t\t\t<\/div>\n\t\t\t\t<\/div>\n\t\t\t\t<div class=\"elementor-element elementor-element-6788abe elementor-widget elementor-widget-heading\" data-id=\"6788abe\" data-element_type=\"widget\" data-widget_type=\"heading.default\">\n\t\t\t\t<div class=\"elementor-widget-container\">\n\t\t\t<h2 class=\"elementor-heading-title elementor-size-default\">Mudanzas<\/h2>\t\t<\/div>\n\t\t\t\t<\/div>\n\t\t\t\t\t<\/div>\n\t\t<\/div>\n\t\t\t\t\t<\/div>\n\t\t<\/section>\n\t\t\t\t<section class=\"elementor-section elementor-top-section elementor-element elementor-element-9e0308b elementor-section-boxed elementor-section-height-default elementor-section-height-default\" data-id=\"9e0308b\" data-element_type=\"section\">\n\t\t\t\t\t\t<div class=\"elementor-container elementor-column-gap-default\">\n\t\t\t\t\t<div class=\"elementor-column elementor-col-33 elementor-top-column elementor-element elementor-element-c702f5d\" data-id=\"c702f5d\" data-element_type=\"column\">\n\t\t\t<div class=\"elementor-widget-wrap elementor-element-populated\">\n\t\t\t\t\t\t<div class=\"elementor-element elementor-element-ae7cb5e elementor-widget elementor-widget-image\" data-id=\"ae7cb5e\" data-element_type=\"widget\" data-widget_type=\"image.default\">\n\t\t\t\t<div class=\"elementor-widget-container\">\n\t\t\t\t\t\t\t\t\t\t\t\t\t\t<a href=\"https:\/\/tcstransportes.es\/en\/contacto\/\">\n\t\t\t\t\t\t\t<img decoding=\"async\" src=\"https:\/\/tcstransportes.es\/wp-content\/uploads\/elementor\/thumbs\/Fotolia_93454169_Subscription_Monthly_M-e1713269048667-qmslomfdp7xyrls79ytz04dqz3kygiggio9d0ikj5s.jpg\" title=\"Fotolia_93454169_Subscription_Monthly_M\" alt=\"Fotolia_93454169_Subscription_Monthly_M\" loading=\"lazy\" \/>\t\t\t\t\t\t\t\t<\/a>\n\t\t\t\t\t\t\t\t\t\t\t\t\t<\/div>\n\t\t\t\t<\/div>\n\t\t\t\t<div class=\"elementor-element elementor-element-558dce1 elementor-widget elementor-widget-heading\" data-id=\"558dce1\" data-element_type=\"widget\" data-widget_type=\"heading.default\">\n\t\t\t\t<div class=\"elementor-widget-container\">\n\t\t\t<h2 class=\"elementor-heading-title elementor-size-default\">Transporte de Pianos<\/h2>\t\t<\/div>\n\t\t\t\t<\/div>\n\t\t\t\t\t<\/div>\n\t\t<\/div>\n\t\t\t\t<div class=\"elementor-column elementor-col-33 elementor-top-column elementor-element elementor-element-a4d49f9\" data-id=\"a4d49f9\" data-element_type=\"column\">\n\t\t\t<div class=\"elementor-widget-wrap elementor-element-populated\">\n\t\t\t\t\t\t<div class=\"elementor-element elementor-element-e6c271d elementor-widget elementor-widget-image\" data-id=\"e6c271d\" data-element_type=\"widget\" data-widget_type=\"image.default\">\n\t\t\t\t<div class=\"elementor-widget-container\">\n\t\t\t\t\t\t\t\t\t\t\t\t\t\t<a href=\"https:\/\/tcstransportes.es\/en\/contacto\/\">\n\t\t\t\t\t\t\t<img decoding=\"async\" width=\"800\" height=\"450\" src=\"https:\/\/tcstransportes.es\/wp-content\/uploads\/2024\/04\/3.png\" class=\"attachment-large size-large wp-image-1403\" alt=\"\" srcset=\"https:\/\/tcstransportes.es\/wp-content\/uploads\/2024\/04\/3.png 1366w, https:\/\/tcstransportes.es\/wp-content\/uploads\/2024\/04\/3-800x450.png 800w, https:\/\/tcstransportes.es\/wp-content\/uploads\/2024\/04\/3-768x432.png 768w, https:\/\/tcstransportes.es\/wp-content\/uploads\/2024\/04\/3-18x10.png 18w, https:\/\/tcstransportes.es\/wp-content\/uploads\/2024\/04\/3-600x337.png 600w, https:\/\/tcstransportes.es\/wp-content\/uploads\/2024\/04\/3-280x157.png 280w\" sizes=\"(max-width: 800px) 100vw, 800px\" \/>\t\t\t\t\t\t\t\t<\/a>\n\t\t\t\t\t\t\t\t\t\t\t\t\t<\/div>\n\t\t\t\t<\/div>\n\t\t\t\t<div class=\"elementor-element elementor-element-88ee1c5 elementor-widget elementor-widget-heading\" data-id=\"88ee1c5\" data-element_type=\"widget\" data-widget_type=\"heading.default\">\n\t\t\t\t<div class=\"elementor-widget-container\">\n\t\t\t<h2 class=\"elementor-heading-title elementor-size-default\">Paqueter\u00eda<\/h2>\t\t<\/div>\n\t\t\t\t<\/div>\n\t\t\t\t\t<\/div>\n\t\t<\/div>\n\t\t\t\t<div class=\"elementor-column elementor-col-33 elementor-top-column elementor-element elementor-element-3a46a8f\" data-id=\"3a46a8f\" data-element_type=\"column\">\n\t\t\t<div class=\"elementor-widget-wrap elementor-element-populated\">\n\t\t\t\t\t\t<div class=\"elementor-element elementor-element-decb020 elementor-widget elementor-widget-image\" data-id=\"decb020\" data-element_type=\"widget\" data-widget_type=\"image.default\">\n\t\t\t\t<div class=\"elementor-widget-container\">\n\t\t\t\t\t\t\t\t\t\t\t\t\t\t<a href=\"https:\/\/tcstransportes.es\/en\/contacto\/\">\n\t\t\t\t\t\t\t<img loading=\"lazy\" decoding=\"async\" width=\"800\" height=\"450\" src=\"https:\/\/tcstransportes.es\/wp-content\/uploads\/2024\/04\/627b5fb5c95b86d28d0cde51_prestamos-electrodomesticos.jpg\" class=\"attachment-large size-large wp-image-1493\" alt=\"\" srcset=\"https:\/\/tcstransportes.es\/wp-content\/uploads\/2024\/04\/627b5fb5c95b86d28d0cde51_prestamos-electrodomesticos.jpg 1024w, https:\/\/tcstransportes.es\/wp-content\/uploads\/2024\/04\/627b5fb5c95b86d28d0cde51_prestamos-electrodomesticos-800x450.jpg 800w, https:\/\/tcstransportes.es\/wp-content\/uploads\/2024\/04\/627b5fb5c95b86d28d0cde51_prestamos-electrodomesticos-768x432.jpg 768w, https:\/\/tcstransportes.es\/wp-content\/uploads\/2024\/04\/627b5fb5c95b86d28d0cde51_prestamos-electrodomesticos-18x10.jpg 18w, https:\/\/tcstransportes.es\/wp-content\/uploads\/2024\/04\/627b5fb5c95b86d28d0cde51_prestamos-electrodomesticos-600x338.jpg 600w, https:\/\/tcstransportes.es\/wp-content\/uploads\/2024\/04\/627b5fb5c95b86d28d0cde51_prestamos-electrodomesticos-280x158.jpg 280w\" sizes=\"(max-width: 800px) 100vw, 800px\" \/>\t\t\t\t\t\t\t\t<\/a>\n\t\t\t\t\t\t\t\t\t\t\t\t\t<\/div>\n\t\t\t\t<\/div>\n\t\t\t\t<div class=\"elementor-element elementor-element-9f40b1c elementor-widget elementor-widget-heading\" data-id=\"9f40b1c\" data-element_type=\"widget\" data-widget_type=\"heading.default\">\n\t\t\t\t<div class=\"elementor-widget-container\">\n\t\t\t<h2 class=\"elementor-heading-title elementor-size-default\">Muebles y Electrodom\u00e9sticos<\/h2>\t\t<\/div>\n\t\t\t\t<\/div>\n\t\t\t\t\t<\/div>\n\t\t<\/div>\n\t\t\t\t\t<\/div>\n\t\t<\/section>\n\t\t\t\t<\/div>","protected":false},"excerpt":{"rendered":"<p>Env\u00edos a Europa Transporte de Motos Mudanzas Transporte de Pianos Paqueter\u00eda Muebles y Electrodom\u00e9sticos<\/p>","protected":false},"author":7,"featured_media":0,"parent":0,"menu_order":0,"comment_status":"closed","ping_status":"closed","template":"","meta":{"footnotes":""},"class_list":["post-1486","page","type-page","status-publish","hentry"],"_links":{"self":[{"href":"https:\/\/tcstransportes.es\/en\/wp-json\/wp\/v2\/pages\/1486","targetHints":{"allow":["GET"]}}],"collection":[{"href":"https:\/\/tcstransportes.es\/en\/wp-json\/wp\/v2\/pages"}],"about":[{"href":"https:\/\/tcstransportes.es\/en\/wp-json\/wp\/v2\/types\/page"}],"author":[{"embeddable":true,"href":"https:\/\/tcstransportes.es\/en\/wp-json\/wp\/v2\/users\/7"}],"replies":[{"embeddable":true,"href":"https:\/\/tcstransportes.es\/en\/wp-json\/wp\/v2\/comments?post=1486"}],"version-history":[{"count":4,"href":"https:\/\/tcstransportes.es\/en\/wp-json\/wp\/v2\/pages\/1486\/revisions"}],"predecessor-version":[{"id":1496,"href":"https:\/\/tcstransportes.es\/en\/wp-json\/wp\/v2\/pages\/1486\/revisions\/1496"}],"wp:attachment":[{"href":"https:\/\/tcstransportes.es\/en\/wp-json\/wp\/v2\/media?parent=1486"}],"curies":[{"name":"wp","href":"https:\/\/api.w.org\/{rel}","templated":true}]}}